{"id":1005,"date":"2024-08-21T16:27:47","date_gmt":"2024-08-21T14:27:47","guid":{"rendered":"https:\/\/www.chrischam.com\/?page_id=1005"},"modified":"2024-09-02T13:20:13","modified_gmt":"2024-09-02T11:20:13","slug":"street-photo-que-dit-la-loi","status":"publish","type":"page","link":"https:\/\/www.chrischam.com\/index.php\/street-photo-que-dit-la-loi\/","title":{"rendered":"Street photo : que dit la loi ?"},"content":{"rendered":"<div  class=\"tatsu-HyWKSPuXiR tatsu-section  tatsu-bg-overlay   tatsu-clearfix\" data-title=\"\"  data-headerscheme=\"background--dark\"><div class='tatsu-section-pad clearfix' data-padding='{\"d\":\"90px 0px 90px 0px\"}' data-padding-top='90px'><div class=\"tatsu-row-wrap  tatsu-wrap tatsu-row-one-col tatsu-row-has-one-cols tatsu-medium-gutter tatsu-reg-cols  tatsu-clearfix tatsu-rygYHwdmoA\" ><div  class=\"tatsu-row \" ><div  class=\"tatsu-column  tatsu-bg-overlay tatsu-one-col tatsu-column-image-none tatsu-column-effect-none  tatsu-HytHw_ms0\"  data-parallax-speed=\"0\" style=\"\"><div class=\"tatsu-column-inner \" ><div class=\"tatsu-column-pad-wrap\"><div class=\"tatsu-column-pad\" ><div  class=\"tatsu-module tatsu-text-block-wrap tatsu-S11Iv_XsC  \"><div class=\"tatsu-text-inner tatsu-align-center  clearfix\" ><style>.tatsu-S11Iv_XsC.tatsu-text-block-wrap .tatsu-text-inner{width: 100%;text-align: left;color: rgba(255,255,255,1) ;}.tatsu-S11Iv_XsC .tatsu-text-inner *{color: rgba(255,255,255,1) ;}.tatsu-S11Iv_XsC.tatsu-text-block-wrap .tatsu-text-inner *{font-family : Verdana, Geneva, sans-serif;font-weight : 700;font-size : 25px;}<\/style>\n<p style=\"text-align: center;\">Street photo : que dit la loi ?<\/p>\n<\/div><\/div><\/div><\/div><div class = \"tatsu-column-bg-image-wrap\"><div class = \"tatsu-column-bg-image\" ><\/div><\/div><div class=\"tatsu-overlay tatsu-column-overlay tatsu-animate-none\" ><\/div><\/div><style>.tatsu-row > .tatsu-HytHw_ms0.tatsu-column{width: 100%;}.tatsu-HytHw_ms0.tatsu-column > .tatsu-column-inner > .tatsu-column-overlay{mix-blend-mode: normal;}.tatsu-HytHw_ms0 > .tatsu-column-inner > .tatsu-top-divider{z-index: 9999;}.tatsu-HytHw_ms0 > .tatsu-column-inner > .tatsu-bottom-divider{z-index: 9999;}.tatsu-HytHw_ms0 > .tatsu-column-inner > .tatsu-left-divider{z-index: 9999;}.tatsu-HytHw_ms0 > .tatsu-column-inner > .tatsu-right-divider{z-index: 9999;}@media only screen and (max-width:1377px) {.tatsu-row > .tatsu-HytHw_ms0.tatsu-column{width: 100%;}}@media only screen and (min-width:768px) and (max-width: 1024px) {.tatsu-row > .tatsu-HytHw_ms0.tatsu-column{width: 100%;}}@media only screen and (max-width: 767px) {.tatsu-row > .tatsu-HytHw_ms0.tatsu-column{width: 100%;}}<\/style><\/div><\/div><\/div><\/div><div class=\"tatsu-section-background-wrap\"><div class = \"tatsu-section-background\" ><\/div><\/div><div class=\"tatsu-overlay tatsu-section-overlay\"><\/div><style>.tatsu-HyWKSPuXiR .tatsu-section-pad{padding: 90px 0px 90px 0px;}.tatsu-HyWKSPuXiR .tatsu-section-offset-wrap{transform: translateY(-0px);}.tatsu-HyWKSPuXiR > .tatsu-bottom-divider{z-index: 9999;}.tatsu-HyWKSPuXiR > .tatsu-top-divider{z-index: 9999;}.tatsu-HyWKSPuXiR .tatsu-section-overlay{mix-blend-mode: normal;}<\/style><\/div><div  class=\"tatsu-SJWPx_OQi0 tatsu-section  tatsu-bg-overlay   tatsu-clearfix\" data-title=\"\"  data-headerscheme=\"background--dark\"><div class='tatsu-section-pad clearfix' data-padding='{\"d\":\"90px 0px 90px 0px\"}' data-padding-top='90px'><div class=\"tatsu-row-wrap  tatsu-wrap tatsu-row-one-col tatsu-row-has-one-cols tatsu-medium-gutter tatsu-reg-cols  tatsu-clearfix tatsu-BkxDeudXjA\" ><div  class=\"tatsu-row \" ><div  class=\"tatsu-column  tatsu-bg-overlay tatsu-one-col tatsu-column-image-none tatsu-column-effect-none  tatsu-S1De_OQiC\"  data-parallax-speed=\"0\" style=\"\"><div class=\"tatsu-column-inner \" ><div class=\"tatsu-column-pad-wrap\"><div class=\"tatsu-column-pad\" ><div  class=\"tatsu-module tatsu-text-block-wrap tatsu-HJhld_7sA  \"><div class=\"tatsu-text-inner tatsu-align-center  clearfix\" ><style>.tatsu-HJhld_7sA.tatsu-text-block-wrap .tatsu-text-inner{width: 100%;text-align: left;color: rgba(255,255,255,1) ;}.tatsu-HJhld_7sA .tatsu-text-inner *{color: rgba(255,255,255,1) ;}.tatsu-HJhld_7sA.tatsu-text-block-wrap .tatsu-text-inner *{font-family : Verdana, Geneva, sans-serif;}<\/style>\n<p>Les explications de Jo\u00eblle Verbrugge, avocate, dans une interview \u00e0 la cha\u00eene YouTube Som Picture.<\/p>\n<p><strong>A t-on le droit de prendre des gens en photo dans la rue ?<\/strong><br \/>Oui, car il y a un principe fondamental en d\u00e9mocratie qui est celui de la libert\u00e9 d&rsquo;expression, et dans cette libert\u00e9 d&rsquo;expression on range la libert\u00e9 d&rsquo;expression artistique.<br \/>En vertu de ce principe l\u00e0, la Cour d&rsquo;appel de Paris a rendu un arr\u00eat concernant une photo du photographe Fran\u00e7ois-Marie Banier, qui repr\u00e9sentait une dame qui tenait un chien en laisse en \u00e9tant au t\u00e9l\u00e9phone, publi\u00e9e dans un livre. La dame n&rsquo;avait pas appr\u00e9ci\u00e9 de figurer dans ce livre et elle avait assign\u00e9 le photographe et son \u00e9diteur en invoquant son droit \u00e0 l&rsquo;image et en disant qu&rsquo;on lui avait viol\u00e9 sa vie priv\u00e9e. Elle a perdu en premi\u00e8re instance et en appel. La Cour d&rsquo;appel de Paris dans un arr\u00eat rendu en 2008 a rappel\u00e9 d&rsquo;une part le principe de libert\u00e9 d&rsquo;expression et a pr\u00e9cis\u00e9 qu&rsquo;on ne pouvait mettre de limite \u00e0 cette libert\u00e9 que dans deux cas : soit si la photo est contraire \u00e0 la dignit\u00e9 humaine, soit si la personne elle-m\u00eame d\u00e9montrait que la diffusion de la photo lui avait caus\u00e9 des cons\u00e9quences d&rsquo;une particuli\u00e8re gravit\u00e9.<\/p>\n<p><strong>Que faire si quelqu&rsquo;un vient nous dire de supprimer une photo ?<\/strong><br \/>Lui r\u00e9pondre qu&rsquo;on ne les a pas mis dans une situation d\u00e9gradante, que c&rsquo;est juste une photo d&rsquo;une sc\u00e8ne de rue, que la jurisprudence me confirme que j&rsquo;ai le droit de le faire et que s&rsquo;il le souhaite, on lui transmettra par mail les r\u00e9f\u00e9rences pr\u00e9cises.<br \/>Les policiers et les forces de l&rsquo;ordre n&rsquo;ont pas le droit de demander d&rsquo;effacer une photo.<\/p>\n<p><strong>Lieu public, lieu priv\u00e9 ?<\/strong><br \/>Un lieu public au sens du droit \u00e0 l&rsquo;image est un lieu dans lequel tout le monde peut rentrer, m\u00eame s&rsquo;il faut payer un droit d&rsquo;entr\u00e9e (salons, cin\u00e9ma, piscine&#8230;).<br \/>Si le lieu est privatis\u00e9, s&rsquo;il faut donner son identit\u00e9 \u00e0 l&rsquo;entr\u00e9e, alors le lieu est priv\u00e9.<\/p>\n<p><strong>C&rsquo;est quoi le droit \u00e0 l&rsquo;image ?<\/strong><br \/>C&rsquo;est un droit personnel qui d\u00e9coule d&rsquo;une construction jurisprudentielle, fond\u00e9e sur l&rsquo;article 9 du Code civil et qui dit <em>\u00ab\u00a0Tout individu a droit au respect de sa vie priv\u00e9e\u00a0\u00bb<\/em>.<br \/>C&rsquo;est donc le droit pour une personne repr\u00e9sent\u00e9e sur une image, fixe ou anim\u00e9e, de refuser la diffusion de son image dans certaines conditions : si c&rsquo;est contraire \u00e0 la dignit\u00e9 humaine, si \u00e7a lui cause des cons\u00e9quences d&rsquo;une particuli\u00e8re gravit\u00e9 et qu&rsquo;elle le d\u00e9montre.<br \/>Les juges vont appr\u00e9cier diff\u00e9remment si l&rsquo;utilisation est artistique ou si c&rsquo;est une utilisation commerciale (dans ce dernier cas, jamais sans l&rsquo;autorisation de la personne). La difficult\u00e9 va \u00eatre de tracer la limite entre le commercial et l&rsquo;artistique.<br \/>Le droit \u00e0 l&rsquo;image est un droit personnel, qui d\u00e9coule du Code civil, qui na\u00eet et meurt avec la personne.<br \/>Le droit d&rsquo;auteur d\u00e9coule lui du Code de la propri\u00e9t\u00e9 intellectuelle, il na\u00eet avec la naissance de l&rsquo;oeuvre et dure jusque 70 ans apr\u00e8s le d\u00e9c\u00e8s de l&rsquo;auteur pour une partie des droits, et dure ad vitam aeternam pour les droits moraux (exiger qu&rsquo;on mette le nom de l&rsquo;auteur sur l&rsquo;oeuvre, ne pas d\u00e9naturer l&rsquo;oeuvre).<\/p>\n<p>Pour retrouver l&rsquo;interview compl\u00e8te, <a href=\"https:\/\/youtu.be\/PVypp_zz7Oo?feature=shared\" target=\"_blank\" rel=\"noopener\">cliquez ici<\/a>.<\/p>\n<p>Le site de Jo\u00eblle Verbrugge : <a href=\"https:\/\/blog.droit-et-photographie.com\/\" target=\"_blank\" rel=\"noopener noreferrer\">https:\/\/blog.droit-et-photographie.com<\/a><\/p>\n<\/div><\/div><\/div><\/div><div class = \"tatsu-column-bg-image-wrap\"><div class = \"tatsu-column-bg-image\" ><\/div><\/div><div class=\"tatsu-overlay tatsu-column-overlay tatsu-animate-none\" ><\/div><\/div><style>.tatsu-row > .tatsu-S1De_OQiC.tatsu-column{width: 100%;}.tatsu-S1De_OQiC.tatsu-column > .tatsu-column-inner > .tatsu-column-overlay{mix-blend-mode: normal;}.tatsu-S1De_OQiC > .tatsu-column-inner > .tatsu-top-divider{z-index: 9999;}.tatsu-S1De_OQiC > .tatsu-column-inner > .tatsu-bottom-divider{z-index: 9999;}.tatsu-S1De_OQiC > .tatsu-column-inner > .tatsu-left-divider{z-index: 9999;}.tatsu-S1De_OQiC > .tatsu-column-inner > .tatsu-right-divider{z-index: 9999;}@media only screen and (max-width:1377px) {.tatsu-row > .tatsu-S1De_OQiC.tatsu-column{width: 100%;}}@media only screen and (min-width:768px) and (max-width: 1024px) {.tatsu-row > .tatsu-S1De_OQiC.tatsu-column{width: 100%;}}@media only screen and (max-width: 767px) {.tatsu-row > .tatsu-S1De_OQiC.tatsu-column{width: 100%;}}<\/style><\/div><\/div><\/div><\/div><div class=\"tatsu-section-background-wrap\"><div class = \"tatsu-section-background\" ><\/div><\/div><div class=\"tatsu-overlay tatsu-section-overlay\"><\/div><style>.tatsu-SJWPx_OQi0 .tatsu-section-pad{padding: 90px 0px 90px 0px;}.tatsu-SJWPx_OQi0 .tatsu-section-offset-wrap{transform: translateY(-0px);}.tatsu-SJWPx_OQi0 > .tatsu-bottom-divider{z-index: 9999;}.tatsu-SJWPx_OQi0 > .tatsu-top-divider{z-index: 9999;}.tatsu-SJWPx_OQi0 .tatsu-section-overlay{mix-blend-mode: normal;}<\/style><\/div>\n","protected":false},"excerpt":{"rendered":"<p><a href=\"https:\/\/www.chrischam.com\/index.php\/street-photo-que-dit-la-loi\/\" class=\"more-link style1-button\">Read More<\/a><\/p>","protected":false},"author":1,"featured_media":0,"parent":0,"menu_order":0,"comment_status":"closed","ping_status":"closed","template":"","meta":{"footnotes":""},"class_list":["post-1005","page","type-page","status-publish","hentry"],"_links":{"self":[{"href":"https:\/\/www.chrischam.com\/index.php\/wp-json\/wp\/v2\/pages\/1005","targetHints":{"allow":["GET"]}}],"collection":[{"href":"https:\/\/www.chrischam.com\/index.php\/wp-json\/wp\/v2\/pages"}],"about":[{"href":"https:\/\/www.chrischam.com\/index.php\/wp-json\/wp\/v2\/types\/page"}],"author":[{"embeddable":true,"href":"https:\/\/www.chrischam.com\/index.php\/wp-json\/wp\/v2\/users\/1"}],"replies":[{"embeddable":true,"href":"https:\/\/www.chrischam.com\/index.php\/wp-json\/wp\/v2\/comments?post=1005"}],"version-history":[{"count":7,"href":"https:\/\/www.chrischam.com\/index.php\/wp-json\/wp\/v2\/pages\/1005\/revisions"}],"predecessor-version":[{"id":1091,"href":"https:\/\/www.chrischam.com\/index.php\/wp-json\/wp\/v2\/pages\/1005\/revisions\/1091"}],"wp:attachment":[{"href":"https:\/\/www.chrischam.com\/index.php\/wp-json\/wp\/v2\/media?parent=1005"}],"curies":[{"name":"wp","href":"https:\/\/api.w.org\/{rel}","templated":true}]}}