{"id":1079,"date":"2024-09-01T18:39:56","date_gmt":"2024-09-01T16:39:56","guid":{"rendered":"https:\/\/www.chrischam.com\/?page_id=1079"},"modified":"2024-09-02T13:22:07","modified_gmt":"2024-09-02T11:22:07","slug":"street-photo-definition","status":"publish","type":"page","link":"https:\/\/www.chrischam.com\/index.php\/street-photo-definition\/","title":{"rendered":"Street photo : d\u00e9finition"},"content":{"rendered":"<div  class=\"tatsu-ry-_OPMG30 tatsu-section  tatsu-bg-overlay   tatsu-clearfix\" data-title=\"\"  data-headerscheme=\"background--dark\"><div class='tatsu-section-pad clearfix' data-padding='{\"d\":\"90px 0px 90px 0px\"}' data-padding-top='90px'><div class=\"tatsu-row-wrap  tatsu-wrap tatsu-row-one-col tatsu-row-has-one-cols tatsu-medium-gutter tatsu-reg-cols  tatsu-clearfix tatsu-HJe_dDMz2C\" ><div  class=\"tatsu-row \" ><div  class=\"tatsu-column  tatsu-bg-overlay tatsu-one-col tatsu-column-image-none tatsu-column-effect-none  tatsu-BkOOvffhC\"  data-parallax-speed=\"0\" style=\"\"><div class=\"tatsu-column-inner \" ><div class=\"tatsu-column-pad-wrap\"><div class=\"tatsu-column-pad\" ><div  class=\"tatsu-module tatsu-text-block-wrap tatsu-r1RdvGM3R  \"><div class=\"tatsu-text-inner tatsu-align-center  clearfix\" ><style>.tatsu-r1RdvGM3R.tatsu-text-block-wrap .tatsu-text-inner{width: 100%;text-align: left;color: rgba(255,255,255,1) ;}.tatsu-r1RdvGM3R .tatsu-text-inner *{color: rgba(255,255,255,1) ;}.tatsu-r1RdvGM3R.tatsu-text-block-wrap .tatsu-text-inner *{font-family : Verdana, Geneva, sans-serif;font-weight : 700;font-size : 25px;}<\/style>\n<p style=\"text-align: center;\">Street photo : d\u00e9finition<\/p>\n<\/div><\/div><\/div><\/div><div class = \"tatsu-column-bg-image-wrap\"><div class = \"tatsu-column-bg-image\" ><\/div><\/div><div class=\"tatsu-overlay tatsu-column-overlay tatsu-animate-none\" ><\/div><\/div><style>.tatsu-row > .tatsu-BkOOvffhC.tatsu-column{width: 100%;}.tatsu-BkOOvffhC.tatsu-column > .tatsu-column-inner > .tatsu-column-overlay{mix-blend-mode: normal;}.tatsu-BkOOvffhC > .tatsu-column-inner > .tatsu-top-divider{z-index: 9999;}.tatsu-BkOOvffhC > .tatsu-column-inner > .tatsu-bottom-divider{z-index: 9999;}.tatsu-BkOOvffhC > .tatsu-column-inner > .tatsu-left-divider{z-index: 9999;}.tatsu-BkOOvffhC > .tatsu-column-inner > .tatsu-right-divider{z-index: 9999;}@media only screen and (max-width:1377px) {.tatsu-row > .tatsu-BkOOvffhC.tatsu-column{width: 100%;}}@media only screen and (min-width:768px) and (max-width: 1024px) {.tatsu-row > .tatsu-BkOOvffhC.tatsu-column{width: 100%;}}@media only screen and (max-width: 767px) {.tatsu-row > .tatsu-BkOOvffhC.tatsu-column{width: 100%;}}<\/style><\/div><\/div><\/div><\/div><div class=\"tatsu-section-background-wrap\"><div class = \"tatsu-section-background\" ><\/div><\/div><div class=\"tatsu-overlay tatsu-section-overlay\"><\/div><style>.tatsu-ry-_OPMG30 .tatsu-section-pad{padding: 90px 0px 90px 0px;}.tatsu-ry-_OPMG30 .tatsu-section-offset-wrap{transform: translateY(-0px);}.tatsu-ry-_OPMG30 > .tatsu-bottom-divider{z-index: 9999;}.tatsu-ry-_OPMG30 > .tatsu-top-divider{z-index: 9999;}.tatsu-ry-_OPMG30 .tatsu-section-overlay{mix-blend-mode: normal;}<\/style><\/div><div  class=\"tatsu-HyZnZuzzhC tatsu-section  tatsu-bg-overlay   tatsu-clearfix\" data-title=\"\"  data-headerscheme=\"background--dark\"><div class='tatsu-section-pad clearfix' data-padding='{\"d\":\"90px 0px 90px 0px\"}' data-padding-top='90px'><div class=\"tatsu-row-wrap  tatsu-wrap tatsu-row-one-col tatsu-row-has-one-cols tatsu-medium-gutter tatsu-reg-cols  tatsu-clearfix tatsu-SJxnW_fznA\" ><div  class=\"tatsu-row \" ><div  class=\"tatsu-column  tatsu-bg-overlay tatsu-one-col tatsu-column-image-none tatsu-column-effect-none  tatsu-rk3Z_ff3C\"  data-parallax-speed=\"0\" style=\"\"><div class=\"tatsu-column-inner \" ><div class=\"tatsu-column-pad-wrap\"><div class=\"tatsu-column-pad\" ><div  class=\"tatsu-module tatsu-text-block-wrap tatsu-SkMfuMG3A  \"><div class=\"tatsu-text-inner tatsu-align-center  clearfix\" ><style>.tatsu-SkMfuMG3A.tatsu-text-block-wrap .tatsu-text-inner{width: 100%;text-align: left;color: rgba(255,255,255,1) ;}.tatsu-SkMfuMG3A .tatsu-text-inner *{color: rgba(255,255,255,1) ;}.tatsu-SkMfuMG3A.tatsu-text-block-wrap .tatsu-text-inner *{font-family : Verdana, Geneva, sans-serif;}<\/style>\n<p><strong>D\u00e9finition de la street photography<br \/><\/strong><em>(Philippe Blayo, \u00ab La photo de rue par l\u2019exemple \u00bb, \u00e9ditions KnowWare, 2019)<\/em><\/p>\n<p>&#8211; Des images candides (non mises en sc\u00e8ne)<br \/>&#8211; R\u00e9alis\u00e9es dans un lieu public<br \/>&#8211; Dans lesquelles sont impliqu\u00e9s des individus, de fa\u00e7on directe ou indirecte (photos impliquant une pr\u00e9sence humaine directe ou sugg\u00e9r\u00e9e)<br \/>&#8211; T\u00e9moignant d\u2019une activit\u00e9 r\u00e9elle ou suppos\u00e9e<br \/>&#8211; Ne portant pas de message \u00e0 dimension sociale ou politique (\u00e0 la diff\u00e9rence d\u2019une photo documentaire ou engag\u00e9e).<\/p>\n<p>Plus d&rsquo;infos : <a href=\"https:\/\/photocorneloup.fr\/street-photography\/\" target=\"_blank\" rel=\"noopener\">https:\/\/photocorneloup.fr\/street-photography\/<\/a><\/p>\n<\/div><\/div><\/div><\/div><div class = \"tatsu-column-bg-image-wrap\"><div class = \"tatsu-column-bg-image\" ><\/div><\/div><div class=\"tatsu-overlay tatsu-column-overlay tatsu-animate-none\" ><\/div><\/div><style>.tatsu-row > .tatsu-rk3Z_ff3C.tatsu-column{width: 100%;}.tatsu-rk3Z_ff3C.tatsu-column > .tatsu-column-inner > .tatsu-column-overlay{mix-blend-mode: normal;}.tatsu-rk3Z_ff3C > .tatsu-column-inner > .tatsu-top-divider{z-index: 9999;}.tatsu-rk3Z_ff3C > .tatsu-column-inner > .tatsu-bottom-divider{z-index: 9999;}.tatsu-rk3Z_ff3C > .tatsu-column-inner > .tatsu-left-divider{z-index: 9999;}.tatsu-rk3Z_ff3C > .tatsu-column-inner > .tatsu-right-divider{z-index: 9999;}@media only screen and (max-width:1377px) {.tatsu-row > .tatsu-rk3Z_ff3C.tatsu-column{width: 100%;}}@media only screen and (min-width:768px) and (max-width: 1024px) {.tatsu-row > .tatsu-rk3Z_ff3C.tatsu-column{width: 100%;}}@media only screen and (max-width: 767px) {.tatsu-row > .tatsu-rk3Z_ff3C.tatsu-column{width: 100%;}}<\/style><\/div><\/div><\/div><\/div><div class=\"tatsu-section-background-wrap\"><div class = \"tatsu-section-background\" ><\/div><\/div><div class=\"tatsu-overlay tatsu-section-overlay\"><\/div><style>.tatsu-HyZnZuzzhC .tatsu-section-pad{padding: 90px 0px 90px 0px;}.tatsu-HyZnZuzzhC .tatsu-section-offset-wrap{transform: translateY(-0px);}.tatsu-HyZnZuzzhC > .tatsu-bottom-divider{z-index: 9999;}.tatsu-HyZnZuzzhC > .tatsu-top-divider{z-index: 9999;}.tatsu-HyZnZuzzhC .tatsu-section-overlay{mix-blend-mode: normal;}<\/style><\/div>\n","protected":false},"excerpt":{"rendered":"<p><a href=\"https:\/\/www.chrischam.com\/index.php\/street-photo-definition\/\" class=\"more-link style1-button\">Read More<\/a><\/p>","protected":false},"author":1,"featured_media":0,"parent":0,"menu_order":0,"comment_status":"closed","ping_status":"closed","template":"","meta":{"footnotes":""},"class_list":["post-1079","page","type-page","status-publish","hentry"],"_links":{"self":[{"href":"https:\/\/www.chrischam.com\/index.php\/wp-json\/wp\/v2\/pages\/1079","targetHints":{"allow":["GET"]}}],"collection":[{"href":"https:\/\/www.chrischam.com\/index.php\/wp-json\/wp\/v2\/pages"}],"about":[{"href":"https:\/\/www.chrischam.com\/index.php\/wp-json\/wp\/v2\/types\/page"}],"author":[{"embeddable":true,"href":"https:\/\/www.chrischam.com\/index.php\/wp-json\/wp\/v2\/users\/1"}],"replies":[{"embeddable":true,"href":"https:\/\/www.chrischam.com\/index.php\/wp-json\/wp\/v2\/comments?post=1079"}],"version-history":[{"count":9,"href":"https:\/\/www.chrischam.com\/index.php\/wp-json\/wp\/v2\/pages\/1079\/revisions"}],"predecessor-version":[{"id":1093,"href":"https:\/\/www.chrischam.com\/index.php\/wp-json\/wp\/v2\/pages\/1079\/revisions\/1093"}],"wp:attachment":[{"href":"https:\/\/www.chrischam.com\/index.php\/wp-json\/wp\/v2\/media?parent=1079"}],"curies":[{"name":"wp","href":"https:\/\/api.w.org\/{rel}","templated":true}]}}